{"id":243,"date":"2015-05-25T08:44:49","date_gmt":"2015-05-25T08:44:49","guid":{"rendered":"http:\/\/villanuevartea.com\/?page_id=243"},"modified":"2015-05-25T09:05:50","modified_gmt":"2015-05-25T09:05:50","slug":"biographie-francais","status":"publish","type":"page","link":"https:\/\/villanuevartea.com\/?page_id=243","title":{"rendered":"Biographie -Fran\u00e7ais"},"content":{"rendered":"<p><strong>I\u00f1aki VILLANUEVA, LE PROFIL D\u2019UN ARTISTE<\/strong><\/p>\n<p style=\"text-align: justify;\">C\u2019est en juin 1981 qu\u2019I\u00f1aki Villanueva Ortega est n\u00e9 \u00e0 Pampelune. Sa relation avec la sculpture en bois commence \u00e0 l\u2019\u00e2ge de 13 ans comme autodidacte. Entre les ann\u00e9es 2004 et 2006, il s\u2019inscrit \u00e0 l\u2019\u00e9cole de sculpture de Pampelune pour \u00e9tudier la sculpture en m\u00eame temps qu\u2019il se fait la main dans l\u2019atelier de Koke Ardaiz. En 2007, il r\u00e9aalise un voyage \u00e0 Florence, en Italie o\u00f9 il exercera chez Bartolozzi e Maioli, g\u00e2ce \u00e0 une bourse Leonardo qui lui fut accord\u00e9e.L\u2019\u00e9tape de sculpteur professionnel ne commencera qu\u2019en 2008 quand la municipalit\u00e9 de Berriozar lui chargea la r\u00e9alisation du monolithe comm\u00e9morant les mille ans de la localit\u00e9. En dehors de cela,il sera, dans les ann\u00e9es suivantes, l\u2019auteur de travaux de restauration comme tailleur de pierres. En fin 2013, il finit de metrre sur pied son propre atelier dans lequel il commence \u00e0 donner des cours. Bien que son atelier (villanuevartea) soit \u00e0 Aristregui, il s\u2019est toujours consid\u00e9r\u00e9 comme un habitant de Berriozar de plus. En dehors du bois, il travaille aussi la pierre, le fer et r\u00e9alise des moules. Pour en finir, il faudrait aussi ajouter que son talent artistique ne se limite pas \u00e0 la sculpture puisqu\u2019il est aussi lead-vocal et parolier du groupe de musique Khous de Berriozar.<\/p>\n<p style=\"text-align: center;\"><a href=\"https:\/\/villanuevartea.com\/wp-content\/uploads\/2014\/10\/LANAK-TRABAJAOS-WORKS-94.jpg\"><img loading=\"lazy\" decoding=\"async\" class=\"aligncenter  wp-image-59\" src=\"https:\/\/villanuevartea.com\/wp-content\/uploads\/2014\/10\/LANAK-TRABAJAOS-WORKS-94.jpg\" alt=\"LANAK - TRABAJAOS - WORKS (94)\" width=\"555\" height=\"370\" srcset=\"https:\/\/villanuevartea.com\/wp-content\/uploads\/2014\/10\/LANAK-TRABAJAOS-WORKS-94.jpg 1024w, https:\/\/villanuevartea.com\/wp-content\/uploads\/2014\/10\/LANAK-TRABAJAOS-WORKS-94-300x200.jpg 300w\" sizes=\"auto, (max-width: 555px) 100vw, 555px\" \/><\/a><\/p>\n<p><strong>I\u00f1aki Villanueva, la pulsion de la vie<\/strong><\/p>\n<p style=\"text-align: justify;\">Les oeuvres de I\u00f1aki Villanueva brillent de leur proppre \u00e9clat.Cela est si vrai que, quand l\u2019artiste se trouve face \u00e0 un arbre dont nos yeux non initi\u00e9s ne voient que branches, racines, rugosit\u00e9s et stries, lui y voit la vie qui bat en son int\u00e9rieur. En raison de l\u2019impression que lui aurait laiss\u00e9 son s\u00e9jour italien, I\u00f1aki Villanueva rappelle Miguel Angel et sait faire jaillir cette vie, l\u2019extraire du mat\u00e9riel et nous la montrer, parce que, autrement nous ne serions en mesure de l\u2019admirer. Ses sculpures renferment des cl\u00e9s qui articulent un discours, faisant en sorte ses oeuvres naissent de pi\u00e8ces ind\u00e9pendantes pour arriver \u00e0 un tout interconnect\u00e9, comme on en voit dans l\u2019oeuvre des grands artistes.Les formes organiques, l\u2019image humaine pr\u00e9dominante, le penchant pour les mat\u00e9riaux naturels tels que la pierre et le bois ou le travail du mat\u00e9riau avec une certaine expressivit\u00e9 des caract\u00e9ristiques propres \u00e0 cet artiste. Cependant, toutes les caract\u00e9ristiques peuvent \u00eatre r\u00e9sum\u00e9es en une id\u00e9e: la pulsion de la vie dans ses sculptures. Quand I\u00f1aki travaille le bois ou la pierre, la sculpture se fait vivante, de la m\u00eame fa\u00e7on que Adam na\u00eet de l\u2019oeuvre de Miguel Angel par le toucher, par le contact. L\u2019artiste, devenu faiseur de vies, donne un souffle au mat\u00e9riel, le fait revivre, transforme le golem d\u2019argile en un \u00eatre vivant. Ce n\u2019est pas par hasard, comme disait Focillon, que la main transforme l\u2019art, le conduit de sa passivit\u00e9 contemplative vers un sentiment actif.<\/p>\n","protected":false},"excerpt":{"rendered":"<p>I\u00f1aki VILLANUEVA, LE PROFIL D\u2019UN ARTISTE C\u2019est en juin 1981 qu\u2019I\u00f1aki Villanueva Ortega est n\u00e9 \u00e0 Pampelune. Sa relation avec la sculpture en bois commence \u00e0 l\u2019\u00e2ge de 13 ans comme autodidacte. Entre les ann\u00e9es 2004 et 2006, il s\u2019inscrit \u00e0 l\u2019\u00e9cole de sculpture de Pampelune pour \u00e9tudier la sculpture en m\u00eame temps qu\u2019il se [&hellip;]<\/p>\n","protected":false},"author":2,"featured_media":0,"parent":5,"menu_order":0,"comment_status":"open","ping_status":"closed","template":"","meta":{"footnotes":""},"class_list":["post-243","page","type-page","status-publish","hentry"],"_links":{"self":[{"href":"https:\/\/villanuevartea.com\/index.php?rest_route=\/wp\/v2\/pages\/243","targetHints":{"allow":["GET"]}}],"collection":[{"href":"https:\/\/villanuevartea.com\/index.php?rest_route=\/wp\/v2\/pages"}],"about":[{"href":"https:\/\/villanuevartea.com\/index.php?rest_route=\/wp\/v2\/types\/page"}],"author":[{"embeddable":true,"href":"https:\/\/villanuevartea.com\/index.php?rest_route=\/wp\/v2\/users\/2"}],"replies":[{"embeddable":true,"href":"https:\/\/villanuevartea.com\/index.php?rest_route=%2Fwp%2Fv2%2Fcomments&post=243"}],"version-history":[{"count":2,"href":"https:\/\/villanuevartea.com\/index.php?rest_route=\/wp\/v2\/pages\/243\/revisions"}],"predecessor-version":[{"id":252,"href":"https:\/\/villanuevartea.com\/index.php?rest_route=\/wp\/v2\/pages\/243\/revisions\/252"}],"up":[{"embeddable":true,"href":"https:\/\/villanuevartea.com\/index.php?rest_route=\/wp\/v2\/pages\/5"}],"wp:attachment":[{"href":"https:\/\/villanuevartea.com\/index.php?rest_route=%2Fwp%2Fv2%2Fmedia&parent=243"}],"curies":[{"name":"wp","href":"https:\/\/api.w.org\/{rel}","templated":true}]}}