{"id":5,"date":"2014-10-12T20:40:12","date_gmt":"2014-10-12T20:40:12","guid":{"rendered":"http:\/\/villanuevartea.com\/?page_id=5"},"modified":"2015-05-25T09:04:20","modified_gmt":"2015-05-25T09:04:20","slug":"biografia","status":"publish","type":"page","link":"https:\/\/villanuevartea.com\/?page_id=5","title":{"rendered":"Biografia"},"content":{"rendered":"<pre><strong>I\u00d1AKI VILLANUEVA ARTISTA OSO BATEN SOSLAIA ( mas abajo en castellano )<\/strong><\/pre>\n<p style=\"text-align: justify;\">I\u00f1aki Villanueva Ortega 1981ean jaio zen Iru\u00f1ean. 13 urterekin egurra lantzen modu autodidaktan hasi zen. 2004-2006 urte bitartean eskultura ikasi zuen Iru\u00f1eko Arte Eskolan. 2006an, gainera, Koke Ardaiz-en tailerrean praktikak egin zituen. 2007an, Leonardo beka jaso zuen, Florentziara (Italia) joateko aukera eman ziona. Han, praktikak \u201cBartolozzi e Maioliren\u201d tailerrean burutzen zituelarik. 2008an eskultura lanbide moduan hartzen du, Berriozarko Udalak 1000. urtemugako ospakizunerako Alde Zaharrerako monolito bat egiteko aukera ematen dionean. Horretaz gain, urte batez jauregi bat eta bestelako eraikinak hargin gisa zaharberritu zituen. 2013 urte amaieran bere tailerra guztiz egokitzen du bertan kurtsoak ematen asten delarik. Aristregin tailerra (Villanuevartea) badu ere berriozartarra da. Egurraz gain, harria, burnia eta moldeekin ere lanak egiten ditu.\u00a0Amaitzeko, esan behar da eskulturara ez duela bere asmo astirtikoa mugatzen, izan ere, ezin ahaztu Berriozarko Khous taldean kantari eta letragile gisa musikari eman dion indarra eta denbora.<\/p>\n<p style=\"text-align: justify;\"><strong>II\u00d1AKI VILLANUEVA, BIZITZAREN BIZI- IRRIKAK<\/strong><\/p>\n<p style=\"text-align: justify;\">I\u00f1aki Villanueva-ren lanek bizitza propioz taupadak egiten dituzte. Izan ere, guk artistak ez bezala, ezjakinak garen heinean, adarrak, sustraiak, zimurdurak eta ildaskak ikusten ditugu, baina berak, zuhaitz baten aurrean aurkitzen denean, barruan bizia taupaka ikusten du. Beharbada, Italian egon zenean sortutako inpresioaren ondorioz, I\u00f1aki \u00a0Villanueva-k Miguel Angelen antza dauka. Berak baitaki bertako bizitza kimatu, materialetik entresaka egin eta erakutsi behar digula, hori egin ezean, ez ginatekeelako miresteko gai izanen.Bere eskulturek, artista handien lanetan gertatzen den moduan, diskurtso bat osatzen duten gakoak dituzte, zati independienteak barne-konentaturik dagoen osotasun bakarra osatuz. Artista honen ezaugarriak honakoak dira: forma organikoak, gailendutako gizon emakumeen irudia, harria eta zura bezalako material naturalak nolabaiteko adierazpenaz erabiltzeko gustua.\u00a0Hala ere, bere ezaugarri guztiak ideia bakar batean laburbildu daitezke: bere eskulturetan islatzen diren bizitzaren bizi-irrikak. I\u00f1akik zura edota harria lantzen dituenean, eskulturak bizia eskuratzen du. Hau da, Miguel Angel-en arte lanean bezala, Adan-ek ukitu baten bidez, kontaktuaren bidez bizia lortzen du. Hori horrela, artistak bizia sortzen du, materialari hatsa ematen dio, birsortzen du, eta buztinezko Golem-a izaki biziduna izatea lortzen du. Aipatu bezala, eta Focillon-ek zioen gisan, eskuak Artea eraldatzen du. Hau da, kontenplaziozko pasitibatetik sentimendu aktibora bideratzen du.<\/p>\n<p><img loading=\"lazy\" decoding=\"async\" class=\"aligncenter  wp-image-59\" src=\"https:\/\/villanuevartea.com\/wp-content\/uploads\/2014\/10\/LANAK-TRABAJAOS-WORKS-94.jpg\" alt=\"LANAK - TRABAJAOS - WORKS (94)\" width=\"554\" height=\"370\" srcset=\"https:\/\/villanuevartea.com\/wp-content\/uploads\/2014\/10\/LANAK-TRABAJAOS-WORKS-94.jpg 1024w, https:\/\/villanuevartea.com\/wp-content\/uploads\/2014\/10\/LANAK-TRABAJAOS-WORKS-94-300x200.jpg 300w\" sizes=\"auto, (max-width: 554px) 100vw, 554px\" \/><\/p>\n<p><strong>I\u00d1AKI VILLANUEVA, EL PERFIL DE UN ARTISTA<\/strong><\/p>\n<p style=\"text-align: justify;\">I\u00f1aki Villanueva Ortega nace en Pamplona en junio de 1981. Su relaci\u00f3n \u00a0con la talla en la madera comienza a sus 13 a\u00f1os de manera autodidacta. Entre los a\u00f1os 2004- 2006 estudia escultura en la escuela de arte de Pamplona, y adem\u00e1s realiza pr\u00e1cticas en el taller de Koke Ardaiz. En 2007 viaja a Florencia (Italia) donde trabajar\u00e1 en el taller\u201cBartolozzi e Maioli\u201dgracias a una beca Leonardo que le conceden.<\/p>\n<p style=\"text-align: justify;\">En 2008 comienza como escultor de manera profesional cuando el Ayuntamiento de Berriozar le encarga la realizaci\u00f3n del monol\u00edto que conmemorar\u00e1 los mil a\u00f1os de historia de la localidad. A parte de esto en los a\u00f1os posteriores tambi\u00e9n realiza labores de restauraci\u00f3n como cantero. A finales del 2013 termina de habilitar su taller donde comienza a impartir cursos. Si bien su taller (Villanuevartea) se encuentra en Aristregui el siempre se ha<br \/>\nconsiderado de Berriozar.<\/p>\n<p style=\"text-align: justify;\">Adem\u00e1s de la madera tambi\u00e9n trabaja la piedra el hierro y los moldes. Para terminar habr\u00eda que a\u00f1adir que sus dotes<br \/>\nart\u00edsticas no se limitan a la escultura puesto que tambi\u00e9n es voz y letrista del grupo Khous de Berriozar.<\/p>\n<p><strong>I\u00f1aki Villanueva, la pulsi\u00f3n de la vida<\/strong><\/p>\n<p style=\"text-align: justify;\">Las obras de I\u00f1aki Villanueva laten con vida propia. Tanto es as\u00ed, que cuando el artista se encuentra frente a un \u00e1rbol, del que nuestros ojos inexpertos ven ramas, ra\u00edces, rugosidades y estr\u00edas, \u00e9l ve la vida latiendo en su interior. Quiz\u00e1 por la impresi\u00f3n que le provocara su estancia italiana, I\u00f1aki Villanueva recuerda a Miguel \u00c1ngel, y sabe que debe hacer brotar esa vida, entresacarla del material y mostr\u00e1rnosla, porque, de lo contrario, no ser\u00edamos capaces de admirarla.Sus esculturas contienen claves que articulan un discurso, logrando que sus obras pasen de piezas independientes a un todo interconectado, tal como sucede en la obra de los grandes artistas. Las formas org\u00e1nicas, la<br \/>\nimagen humana predominante, el gusto por los materiales naturales como la piedra y la madera o el trabajo del material con cierta expresividad son caracter\u00edsticas propias de este artista.Sin embargo, todas las caracter\u00edsticas se pueden resumir en una idea: la pulsi\u00f3n de la vida en sus esculturas. Cuando I\u00f1aki trabaja la madera o la piedra, la escultura cobra vida, de la misma manera que en la obra de Miguel \u00c1ngel, Ad\u00e1n nace a la vida por el toque, por el contacto. El artista, convertido en hacedor de vida, insufla aliento al material, lo hace revivir, transforma el Golem de arcilla en un ser viviente. No en vano, como dec\u00eda Focillon, la mano transforma el Arte, lo dirige de su pasividad contemplativa hacia un sentimiento activo.<\/p>\n","protected":false},"excerpt":{"rendered":"<p>I\u00d1AKI VILLANUEVA ARTISTA OSO BATEN SOSLAIA ( mas abajo en castellano ) I\u00f1aki Villanueva Ortega 1981ean jaio zen Iru\u00f1ean. 13 urterekin egurra lantzen modu autodidaktan hasi zen. 2004-2006 urte bitartean eskultura ikasi zuen Iru\u00f1eko Arte Eskolan. 2006an, gainera, Koke Ardaiz-en tailerrean praktikak egin zituen. 2007an, Leonardo beka jaso zuen, Florentziara (Italia) joateko aukera eman ziona. [&hellip;]<\/p>\n","protected":false},"author":2,"featured_media":0,"parent":0,"menu_order":2,"comment_status":"open","ping_status":"closed","template":"","meta":{"footnotes":""},"class_list":["post-5","page","type-page","status-publish","hentry"],"_links":{"self":[{"href":"https:\/\/villanuevartea.com\/index.php?rest_route=\/wp\/v2\/pages\/5","targetHints":{"allow":["GET"]}}],"collection":[{"href":"https:\/\/villanuevartea.com\/index.php?rest_route=\/wp\/v2\/pages"}],"about":[{"href":"https:\/\/villanuevartea.com\/index.php?rest_route=\/wp\/v2\/types\/page"}],"author":[{"embeddable":true,"href":"https:\/\/villanuevartea.com\/index.php?rest_route=\/wp\/v2\/users\/2"}],"replies":[{"embeddable":true,"href":"https:\/\/villanuevartea.com\/index.php?rest_route=%2Fwp%2Fv2%2Fcomments&post=5"}],"version-history":[{"count":11,"href":"https:\/\/villanuevartea.com\/index.php?rest_route=\/wp\/v2\/pages\/5\/revisions"}],"predecessor-version":[{"id":251,"href":"https:\/\/villanuevartea.com\/index.php?rest_route=\/wp\/v2\/pages\/5\/revisions\/251"}],"wp:attachment":[{"href":"https:\/\/villanuevartea.com\/index.php?rest_route=%2Fwp%2Fv2%2Fmedia&parent=5"}],"curies":[{"name":"wp","href":"https:\/\/api.w.org\/{rel}","templated":true}]}}